{"id":1023,"date":"2026-01-16T06:25:40","date_gmt":"2026-01-16T06:25:40","guid":{"rendered":"https:\/\/fortesrecruitment.com\/embaucher\/"},"modified":"2026-01-20T04:21:22","modified_gmt":"2026-01-20T04:21:22","slug":"recruter","status":"publish","type":"page","link":"https:\/\/www.fortesrecruitment.com\/fr\/recruter\/","title":{"rendered":"Rrecruter"},"content":{"rendered":"\t\t<div data-elementor-type=\"wp-page\" data-elementor-id=\"1023\" class=\"elementor elementor-1023 elementor-508\">\n\t\t\t\t\t\t<section class=\"elementor-section elementor-top-section elementor-element elementor-element-2d226ff elementor-section-full_width elementor-section-height-default elementor-section-height-default\" data-id=\"2d226ff\" data-element_type=\"section\" data-e-type=\"section\">\n\t\t\t\t\t\t<div class=\"elementor-container elementor-column-gap-default\">\n\t\t\t\t\t<div class=\"elementor-column elementor-col-100 elementor-top-column elementor-element elementor-element-1fc9cc0\" data-id=\"1fc9cc0\" data-element_type=\"column\" data-e-type=\"column\">\n\t\t\t<div class=\"elementor-widget-wrap elementor-element-populated\">\n\t\t\t\t\t\t<section class=\"elementor-section elementor-inner-section elementor-element elementor-element-66595aa elementor-section-boxed elementor-section-height-default elementor-section-height-default\" data-id=\"66595aa\" data-element_type=\"section\" data-e-type=\"section\">\n\t\t\t\t\t\t<div class=\"elementor-container elementor-column-gap-default\">\n\t\t\t\t\t<div class=\"elementor-column elementor-col-100 elementor-inner-column elementor-element elementor-element-4045807\" data-id=\"4045807\" data-element_type=\"column\" data-e-type=\"column\" data-settings=\"{&quot;background_background&quot;:&quot;classic&quot;}\">\n\t\t\t<div class=\"elementor-widget-wrap elementor-element-populated\">\n\t\t\t\t\t\t<div class=\"elementor-element elementor-element-46c002c elementor-widget elementor-widget-heading\" data-id=\"46c002c\" data-element_type=\"widget\" data-e-type=\"widget\" data-widget_type=\"heading.default\">\n\t\t\t\t\t<h1 class=\"elementor-heading-title elementor-size-default\">Pr\u00eat \u00e0 recruter en toute confiance ?<\/h1>\t\t\t\t<\/div>\n\t\t\t\t<div class=\"elementor-element elementor-element-705858e elementor-widget elementor-widget-text-editor\" data-id=\"705858e\" data-element_type=\"widget\" data-e-type=\"widget\" data-widget_type=\"text-editor.default\">\n\t\t\t\t\t\t\t\t\tParlez-nous de vos besoins en recrutement. Toutes les demandes sont confidentielles.\t\t\t\t\t\t\t\t<\/div>\n\t\t\t\t<div class=\"elementor-element elementor-element-8425876 elementor-widget elementor-widget-shortcode\" data-id=\"8425876\" data-element_type=\"widget\" data-e-type=\"widget\" id=\"be-form\" data-widget_type=\"shortcode.default\">\n\t\t\t\t\t\t\t<div class=\"elementor-shortcode\"><div class=\"forminator-ui forminator-custom-form forminator-custom-form-1086 forminator-design--default  forminator_ajax\" data-forminator-render=\"0\" data-form=\"forminator-module-1086\" data-uid=\"69e20cc39c53f\"><br\/><\/div><form\n\t\t\t\tid=\"forminator-module-1086\"\n\t\t\t\tclass=\"forminator-ui forminator-custom-form forminator-custom-form-1086 forminator-design--default  forminator_ajax\"\n\t\t\t\tmethod=\"post\"\n\t\t\t\tdata-forminator-render=\"0\"\n\t\t\t\tdata-form-id=\"1086\"\n\t\t\t\t data-color-option=\"theme\" data-design=\"default\" data-grid=\"open\" style=\"display: none;\"\n\t\t\t\tdata-uid=\"69e20cc39c53f\"\n\t\t\t><div role=\"alert\" aria-live=\"polite\" class=\"forminator-response-message forminator-error\" aria-hidden=\"true\"><\/div><div class=\"forminator-row\"><div id=\"text-1\" class=\"forminator-field-text forminator-col forminator-col-12  none-des\"><div class=\"forminator-field\"><label for=\"forminator-field-text-1_69e20cc39c53f\" id=\"forminator-field-text-1_69e20cc39c53f-label\" class=\"forminator-label\">Nom <span class=\"forminator-required\">*<\/span><\/label><span id=\"forminator-field-text-1_69e20cc39c53f-description\" class=\"forminator-description\"><span data-limit=\"2\" data-type=\"words\">0 \/ 2<\/span><\/span><input type=\"text\" name=\"text-1\" value=\"\" placeholder=\"Entrez votre nom complet\" id=\"forminator-field-text-1_69e20cc39c53f\" class=\"forminator-input forminator-name--field\" data-required=\"1\" \/><\/div><\/div><\/div><div class=\"forminator-row\"><div id=\"email-1\" class=\"forminator-field-email forminator-col forminator-col-12 \"><div class=\"forminator-field\"><label for=\"forminator-field-email-1_69e20cc39c53f\" id=\"forminator-field-email-1_69e20cc39c53f-label\" class=\"forminator-label\">E-mail <span class=\"forminator-required\">*<\/span><\/label><input type=\"email\" name=\"email-1\" value=\"\" placeholder=\"Entrez votre adresse e-mail\" id=\"forminator-field-email-1_69e20cc39c53f\" class=\"forminator-input forminator-email--field\" data-required=\"1\" aria-required=\"true\" autocomplete=\"email\" \/><\/div><\/div><\/div><div class=\"forminator-row\"><div id=\"text-2\" class=\"forminator-field-text forminator-col forminator-col-12  none-des\"><div class=\"forminator-field\"><label for=\"forminator-field-text-2_69e20cc39c53f\" id=\"forminator-field-text-2_69e20cc39c53f-label\" class=\"forminator-label\">Entreprise \/ Organisation <span class=\"forminator-required\">*<\/span><\/label><span id=\"forminator-field-text-2_69e20cc39c53f-description\" class=\"forminator-description\"><span data-limit=\"2\" data-type=\"words\">0 \/ 2<\/span><\/span><input type=\"text\" name=\"text-2\" value=\"\" placeholder=\"Entrez le nom de votre entreprise ou organisation\" id=\"forminator-field-text-2_69e20cc39c53f\" class=\"forminator-input forminator-name--field\" data-required=\"1\" \/><\/div><\/div><\/div><div class=\"forminator-row\"><div id=\"text-3\" class=\"forminator-field-text forminator-col forminator-col-12 \"><div class=\"forminator-field\"><label for=\"forminator-field-text-3_69e20cc39c53f\" id=\"forminator-field-text-3_69e20cc39c53f-label\" class=\"forminator-label\">T\u00e9l\u00e9phone\/WhatsApp<\/label><input type=\"text\" name=\"text-3\" value=\"\" placeholder=\"Entrez votre num\u00e9ro de t\u00e9l\u00e9phone\/WhatsApp (incluez l&#039;indicatif pays)\" id=\"forminator-field-text-3_69e20cc39c53f\" class=\"forminator-input forminator-name--field\" data-required=\"\" \/><\/div><\/div><\/div><div class=\"forminator-row\"><div id=\"textarea-1\" class=\"forminator-field-textarea forminator-col forminator-col-12  none-des\"><div class=\"forminator-field\"><label for=\"forminator-field-textarea-1_69e20cc39c53f\" id=\"forminator-field-textarea-1_69e20cc39c53f-label\" class=\"forminator-label\">Message <span class=\"forminator-required\">*<\/span><\/label><span id=\"forminator-field-textarea-1_69e20cc39c53f-description\" class=\"forminator-description\"><span data-limit=\"10\" data-type=\"words\" data-editor=\"\">0 \/ 10<\/span><\/span><textarea name=\"textarea-1\" placeholder=\"Parlez-nous de vos besoins en recrutement\" id=\"forminator-field-textarea-1_69e20cc39c53f\" class=\"forminator-textarea\" rows=\"6\" style=\"min-height:70px;\" ><\/textarea><\/div><\/div><\/div><div class=\"forminator-row\"><div id=\"checkbox-1\" class=\"forminator-field-checkbox forminator-col forminator-col-12 \"><div role=\"group\" class=\"forminator-field required\" aria-labelledby=\"forminator-checkbox-group-forminator-field-checkbox-1-69e20cc39c53f-label\"><label id=\"forminator-field-checkbox-1-1-69e20cc39c53f-label\" for=\"forminator-field-checkbox-1-1-69e20cc39c53f\" class=\"forminator-checkbox\" title=\"Je reconnais avoir lu et accept\u00e9 la &lt;a href=&quot;https:\/\/fortesrecruitment.com\/fr\/politique-de-confidentialite\/&quot; target=&quot;_blank&quot;&gt;Politique de confidentialit\u00e9&lt;\/a&gt;, et je confirme que toutes les informations soumises sont exactes, pour autant que je sache.\"><input type=\"checkbox\" name=\"checkbox-1[]\" value=\"one\" id=\"forminator-field-checkbox-1-1-69e20cc39c53f\" aria-labelledby=\"forminator-field-checkbox-1-1-69e20cc39c53f-label\" data-calculation=\"0\"   data-hidden-behavior=\"zero\"\/><span class=\"forminator-checkbox-box\" aria-hidden=\"true\"><\/span><span class=\"forminator-checkbox-label\">Je reconnais avoir lu et accept\u00e9 la <a href=\"https:\/\/fortesrecruitment.com\/fr\/politique-de-confidentialite\/\" target=\"_blank\">Politique de confidentialit\u00e9<\/a>, et je confirme que toutes les informations soumises sont exactes, pour autant que je sache.<\/span><\/label><\/div><\/div><\/div><div class=\"forminator-row\"><div id=\"captcha-1\" class=\"forminator-field-captcha forminator-col forminator-col-12 \"><div class=\"forminator-captcha-left forminator-g-recaptcha\" data-theme=\"light\"  data-sitekey=\"6LfjbVAsAAAAAKfT0c7uKuRMgqn9QIJNReSoFw2t\" data-size=\"normal\"><\/div> <\/div><\/div><input type=\"hidden\" name=\"referer_url\" value=\"\" \/><div class=\"forminator-row forminator-row-last\"><div class=\"forminator-col\"><div class=\"forminator-field\"><button class=\"forminator-button forminator-button-submit\">Envoyer &rarr;<\/button><\/div><\/div><\/div><input type=\"hidden\" id=\"forminator_nonce\" name=\"forminator_nonce\" value=\"04ef0f69c1\" \/><input type=\"hidden\" name=\"_wp_http_referer\" value=\"\/fr\/wp-json\/wp\/v2\/pages\/1023\" \/><input type=\"hidden\" name=\"form_id\" value=\"1086\"><input type=\"hidden\" name=\"page_id\" value=\"1023\"><input type=\"hidden\" name=\"form_type\" value=\"default\"><input type=\"hidden\" name=\"current_url\" value=\"https:\/\/www.fortesrecruitment.com\/fr\/recruter\/\"><input type=\"hidden\" name=\"render_id\" value=\"0\"><input type=\"hidden\" name=\"action\" value=\"forminator_submit_form_custom-forms\"><label for=\"input_7\" class=\"forminator-hidden\" aria-hidden=\"true\">Please do not fill in this field. <input id=\"input_7\" type=\"text\" name=\"input_7\" value=\"\" autocomplete=\"off\"><\/label><\/form><\/div>\n\t\t\t\t\t\t<\/div>\n\t\t\t\t\t<\/div>\n\t\t<\/div>\n\t\t\t\t\t<\/div>\n\t\t<\/section>\n\t\t\t\t\t<\/div>\n\t\t<\/div>\n\t\t\t\t\t<\/div>\n\t\t<\/section>\n\t\t\t\t<\/div>\n\t\t","protected":false},"excerpt":{"rendered":"<p>Pr\u00eat \u00e0 recruter en toute confiance ? Parlez-nous de vos besoins en recrutement. Toutes les demandes sont confidentielles.<\/p>\n","protected":false},"author":1,"featured_media":0,"parent":0,"menu_order":0,"comment_status":"closed","ping_status":"closed","template":"elementor_header_footer","meta":{"site-sidebar-layout":"no-sidebar","site-content-layout":"","ast-site-content-layout":"full-width-container","site-content-style":"default","site-sidebar-style":"default","ast-global-header-display":"","ast-banner-title-visibility":"","ast-main-header-display":"","ast-hfb-above-header-display":"","ast-hfb-below-header-display":"","ast-hfb-mobile-header-display":"","site-post-title":"","ast-breadcrumbs-content":"","ast-featured-img":"disabled","footer-sml-layout":"","ast-disable-related-posts":"","theme-transparent-header-meta":"","adv-header-id-meta":"","stick-header-meta":"","header-above-stick-meta":"","header-main-stick-meta":"","header-below-stick-meta":"","astra-migrate-meta-layouts":"default","ast-page-background-enabled":"default","ast-page-background-meta":{"desktop":{"background-color":"var(--ast-global-color-5)","background-image":"","background-repeat":"repeat","background-position":"center center","background-size":"auto","background-attachment":"scroll","background-type":"","background-media":"","overlay-type":"","overlay-color":"","overlay-opacity":"","overlay-gradient":""},"tablet":{"background-color":"","background-image":"","background-repeat":"repeat","background-position":"center center","background-size":"auto","background-attachment":"scroll","background-type":"","background-media":"","overlay-type":"","overlay-color":"","overlay-opacity":"","overlay-gradient":""},"mobile":{"background-color":"","background-image":"","background-repeat":"repeat","background-position":"center center","background-size":"auto","background-attachment":"scroll","background-type":"","background-media":"","overlay-type":"","overlay-color":"","overlay-opacity":"","overlay-gradient":""}},"ast-content-background-meta":{"desktop":{"background-color":"var(--ast-global-color-4)","background-image":"","background-repeat":"repeat","background-position":"center center","background-size":"auto","background-attachment":"scroll","background-type":"","background-media":"","overlay-type":"","overlay-color":"","overlay-opacity":"","overlay-gradient":""},"tablet":{"background-color":"var(--ast-global-color-4)","background-image":"","background-repeat":"repeat","background-position":"center center","background-size":"auto","background-attachment":"scroll","background-type":"","background-media":"","overlay-type":"","overlay-color":"","overlay-opacity":"","overlay-gradient":""},"mobile":{"background-color":"var(--ast-global-color-4)","background-image":"","background-repeat":"repeat","background-position":"center center","background-size":"auto","background-attachment":"scroll","background-type":"","background-media":"","overlay-type":"","overlay-color":"","overlay-opacity":"","overlay-gradient":""}},"footnotes":""},"class_list":["post-1023","page","type-page","status-publish","hentry"],"_hostinger_reach_plugin_has_subscription_block":false,"_hostinger_reach_plugin_is_elementor":false,"_links":{"self":[{"href":"https:\/\/www.fortesrecruitment.com\/fr\/wp-json\/wp\/v2\/pages\/1023","targetHints":{"allow":["GET"]}}],"collection":[{"href":"https:\/\/www.fortesrecruitment.com\/fr\/wp-json\/wp\/v2\/pages"}],"about":[{"href":"https:\/\/www.fortesrecruitment.com\/fr\/wp-json\/wp\/v2\/types\/page"}],"author":[{"embeddable":true,"href":"https:\/\/www.fortesrecruitment.com\/fr\/wp-json\/wp\/v2\/users\/1"}],"replies":[{"embeddable":true,"href":"https:\/\/www.fortesrecruitment.com\/fr\/wp-json\/wp\/v2\/comments?post=1023"}],"version-history":[{"count":8,"href":"https:\/\/www.fortesrecruitment.com\/fr\/wp-json\/wp\/v2\/pages\/1023\/revisions"}],"predecessor-version":[{"id":1092,"href":"https:\/\/www.fortesrecruitment.com\/fr\/wp-json\/wp\/v2\/pages\/1023\/revisions\/1092"}],"wp:attachment":[{"href":"https:\/\/www.fortesrecruitment.com\/fr\/wp-json\/wp\/v2\/media?parent=1023"}],"curies":[{"name":"wp","href":"https:\/\/api.w.org\/{rel}","templated":true}]}}