{"id":969,"date":"2026-01-16T05:02:17","date_gmt":"2026-01-16T05:02:17","guid":{"rendered":"https:\/\/fortesrecruitment.com\/postuler\/"},"modified":"2026-01-21T12:06:54","modified_gmt":"2026-01-21T12:06:54","slug":"postuler","status":"publish","type":"page","link":"https:\/\/www.fortesrecruitment.com\/fr\/postuler\/","title":{"rendered":"Postuler"},"content":{"rendered":"<h1>\u00c0 la recherche de votre prochain poste ?<\/h1>\n<p>\t\tParlez-nous de vous et de ce que vous recherchez. Toutes les candidatures sont confidentielles.<div class=\"forminator-ui forminator-custom-form forminator-custom-form-910 forminator-design--default  forminator_ajax\" data-forminator-render=\"0\" data-form=\"forminator-module-910\" data-uid=\"69e1f97500a5c\"><br\/><\/div><form\n\t\t\t\tid=\"forminator-module-910\"\n\t\t\t\tclass=\"forminator-ui forminator-custom-form forminator-custom-form-910 forminator-design--default  forminator_ajax\"\n\t\t\t\tmethod=\"post\"\n\t\t\t\tdata-forminator-render=\"0\"\n\t\t\t\tdata-form-id=\"910\"\n\t\t\t\tenctype=\"multipart\/form-data\" data-color-option=\"theme\" data-design=\"default\" data-grid=\"open\" style=\"display: none;\"\n\t\t\t\tdata-uid=\"69e1f97500a5c\"\n\t\t\t><div role=\"alert\" aria-live=\"polite\" class=\"forminator-response-message forminator-error\" aria-hidden=\"true\"><\/div><div class=\"forminator-row\"><div id=\"text-1\" class=\"forminator-field-text forminator-col forminator-col-12  none-des\"><div class=\"forminator-field\"><label for=\"forminator-field-text-1_69e1f97500a5c\" id=\"forminator-field-text-1_69e1f97500a5c-label\" class=\"forminator-label\">Nom <span class=\"forminator-required\">*<\/span><\/label><span id=\"forminator-field-text-1_69e1f97500a5c-description\" class=\"forminator-description\"><span data-limit=\"2\" data-type=\"words\">0 \/ 2<\/span><\/span><input type=\"text\" name=\"text-1\" value=\"\" placeholder=\"Entrez votre nom complet\" id=\"forminator-field-text-1_69e1f97500a5c\" class=\"forminator-input forminator-name--field\" data-required=\"1\" \/><\/div><\/div><\/div><div class=\"forminator-row\"><div id=\"email-1\" class=\"forminator-field-email forminator-col forminator-col-12 \"><div class=\"forminator-field\"><label for=\"forminator-field-email-1_69e1f97500a5c\" id=\"forminator-field-email-1_69e1f97500a5c-label\" class=\"forminator-label\">E-mail <span class=\"forminator-required\">*<\/span><\/label><input type=\"email\" name=\"email-1\" value=\"\" placeholder=\"Entrez votre adresse e-mail\" id=\"forminator-field-email-1_69e1f97500a5c\" class=\"forminator-input forminator-email--field\" data-required=\"1\" aria-required=\"true\" autocomplete=\"email\" \/><\/div><\/div><\/div><div class=\"forminator-row\"><div id=\"text-2\" class=\"forminator-field-text forminator-col forminator-col-12 \"><div class=\"forminator-field\"><label for=\"forminator-field-text-2_69e1f97500a5c\" id=\"forminator-field-text-2_69e1f97500a5c-label\" class=\"forminator-label\">T\u00e9l\u00e9phone\/WhatsApp<\/label><input type=\"text\" name=\"text-2\" value=\"\" placeholder=\"Entrez votre num\u00e9ro de t\u00e9l\u00e9phone\/WhatsApp (incluez l&#039;indicatif pays)\" id=\"forminator-field-text-2_69e1f97500a5c\" class=\"forminator-input forminator-name--field\" data-required=\"\" \/><\/div><\/div><\/div><div class=\"forminator-row\"><div id=\"textarea-1\" class=\"forminator-field-textarea forminator-col forminator-col-12 \"><div class=\"forminator-field\"><label for=\"forminator-field-textarea-1_69e1f97500a5c\" id=\"forminator-field-textarea-1_69e1f97500a5c-label\" class=\"forminator-label\">Message<\/label><textarea name=\"textarea-1\" placeholder=\"Parlez-nous de vous et de ce que vous recherchez\" id=\"forminator-field-textarea-1_69e1f97500a5c\" class=\"forminator-textarea\" rows=\"6\" style=\"min-height:70px;\" ><\/textarea><\/div><\/div><\/div><div class=\"forminator-row\"><div id=\"upload-1\" class=\"forminator-field-upload forminator-col forminator-col-12 \"><div class=\"forminator-field\"><label for=\"forminator-field-upload-1_69e1f97500a5c\" id=\"forminator-field-upload-1_69e1f97500a5c-label\" class=\"forminator-label\">CV<\/label><span id=\"forminator-field-upload-1_69e1f97500a5c-description\" class=\"forminator-description\">T\u00e9l\u00e9chargez votre CV (PDF, DOC ou DOCX, max 5 Mo)<\/span><div class=\"forminator-multi-upload \" data-element=\"upload-1_69e1f97500a5c\" aria-describedby=\"forminator-field-upload-1_69e1f97500a5c-description\"><input type=\"file\" name=\"upload-1[]\" id=\"forminator-field-upload-1_69e1f97500a5c\" class=\"forminator-input-file forminator-field-upload-1_69e1f97500a5c-910\" multiple=\"multiple\" data-method=\"ajax\" accept=\".avif,.heif,.heics,.heifs,.pdf,.doc,.docx\" data-limit=\"1\" data-limit-message=\"You can upload a maximum of 1 files.\" data-size=\"5000000\" data-size-message=\"Maximum file size allowed is 5 MB. \" data-filetype=\"avif|heif|heics|heifs|pdf|doc|docx\" data-filetype-message=\"file extension is not allowed.\"><div class=\"forminator-multi-upload-message\" aria-hidden=\"true\"><span class=\"forminator-icon-upload\" aria-hidden=\"true\"><\/span><p>Glissez et d\u00e9posez (ou) Choisissez des fichiers<\/p><\/div><\/div><ul class=\"forminator-uploaded-files upload-container-upload-1_69e1f97500a5c\"><\/ul><\/div><\/div><\/div><div class=\"forminator-row\"><div id=\"checkbox-1\" class=\"forminator-field-checkbox forminator-col forminator-col-12 \"><div role=\"group\" class=\"forminator-field required\" aria-labelledby=\"forminator-checkbox-group-forminator-field-checkbox-1-69e1f97500a5c-label\"><label id=\"forminator-field-checkbox-1-1-69e1f97500a5c-label\" for=\"forminator-field-checkbox-1-1-69e1f97500a5c\" class=\"forminator-checkbox\" title=\"Je reconnais avoir lu et accept\u00e9 la &lt;a href=&quot;https:\/\/fortesrecruitment.com\/fr\/politique-de-confidentialite\/&quot; target=&quot;_blank&quot;&gt;Politique de confidentialit\u00e9&lt;\/a&gt;, et je confirme que toutes les informations soumises sont exactes, pour autant que je sache.\"><input type=\"checkbox\" name=\"checkbox-1[]\" value=\"one\" id=\"forminator-field-checkbox-1-1-69e1f97500a5c\" aria-labelledby=\"forminator-field-checkbox-1-1-69e1f97500a5c-label\" data-calculation=\"0\"   data-hidden-behavior=\"zero\"\/><span class=\"forminator-checkbox-box\" aria-hidden=\"true\"><\/span><span class=\"forminator-checkbox-label\">Je reconnais avoir lu et accept\u00e9 la <a href=\"https:\/\/fortesrecruitment.com\/fr\/politique-de-confidentialite\/\" target=\"_blank\">Politique de confidentialit\u00e9<\/a>, et je confirme que toutes les informations soumises sont exactes, pour autant que je sache.<\/span><\/label><\/div><\/div><\/div><div class=\"forminator-row\"><div id=\"captcha-1\" class=\"forminator-field-captcha forminator-col forminator-col-12 \"><div class=\"forminator-captcha-left forminator-g-recaptcha\" data-theme=\"light\"  data-sitekey=\"6LfjbVAsAAAAAKfT0c7uKuRMgqn9QIJNReSoFw2t\" data-size=\"normal\"><\/div> <\/div><\/div><input type=\"hidden\" name=\"referer_url\" value=\"\" \/><div class=\"forminator-row forminator-row-last\"><div class=\"forminator-col\"><div class=\"forminator-field\"><button class=\"forminator-button forminator-button-submit\">Envoyer &rarr;<\/button><\/div><\/div><\/div><input type=\"hidden\" id=\"forminator_nonce\" name=\"forminator_nonce\" value=\"82b4aece16\" \/><input type=\"hidden\" name=\"_wp_http_referer\" value=\"\/fr\/wp-json\/wp\/v2\/pages\/969\" \/><input type=\"hidden\" name=\"form_id\" value=\"910\"><input type=\"hidden\" name=\"page_id\" value=\"969\"><input type=\"hidden\" name=\"form_type\" value=\"default\"><input type=\"hidden\" name=\"current_url\" value=\"https:\/\/www.fortesrecruitment.com\/fr\/postuler\/\"><input type=\"hidden\" name=\"render_id\" value=\"0\"><input type=\"hidden\" name=\"forminator-multifile-hidden\" class=\"forminator-multifile-hidden\"><input type=\"hidden\" name=\"action\" value=\"forminator_submit_form_custom-forms\"><label for=\"input_7\" class=\"forminator-hidden\" aria-hidden=\"true\">Please do not fill in this field. <input id=\"input_7\" type=\"text\" name=\"input_7\" value=\"\" autocomplete=\"off\"><\/label><\/form><\/p>\n","protected":false},"excerpt":{"rendered":"<p>\u00c0 la recherche de votre prochain poste ? Parlez-nous de vous et de ce que vous recherchez. Toutes les candidatures [&hellip;]<\/p>\n","protected":false},"author":1,"featured_media":0,"parent":0,"menu_order":0,"comment_status":"closed","ping_status":"closed","template":"elementor_header_footer","meta":{"site-sidebar-layout":"no-sidebar","site-content-layout":"","ast-site-content-layout":"full-width-container","site-content-style":"default","site-sidebar-style":"default","ast-global-header-display":"","ast-banner-title-visibility":"","ast-main-header-display":"","ast-hfb-above-header-display":"","ast-hfb-below-header-display":"","ast-hfb-mobile-header-display":"","site-post-title":"","ast-breadcrumbs-content":"","ast-featured-img":"disabled","footer-sml-layout":"","ast-disable-related-posts":"","theme-transparent-header-meta":"","adv-header-id-meta":"","stick-header-meta":"","header-above-stick-meta":"","header-main-stick-meta":"","header-below-stick-meta":"","astra-migrate-meta-layouts":"default","ast-page-background-enabled":"default","ast-page-background-meta":{"desktop":{"background-color":"var(--ast-global-color-5)","background-image":"","background-repeat":"repeat","background-position":"center center","background-size":"auto","background-attachment":"scroll","background-type":"","background-media":"","overlay-type":"","overlay-color":"","overlay-opacity":"","overlay-gradient":""},"tablet":{"background-color":"","background-image":"","background-repeat":"repeat","background-position":"center center","background-size":"auto","background-attachment":"scroll","background-type":"","background-media":"","overlay-type":"","overlay-color":"","overlay-opacity":"","overlay-gradient":""},"mobile":{"background-color":"","background-image":"","background-repeat":"repeat","background-position":"center center","background-size":"auto","background-attachment":"scroll","background-type":"","background-media":"","overlay-type":"","overlay-color":"","overlay-opacity":"","overlay-gradient":""}},"ast-content-background-meta":{"desktop":{"background-color":"var(--ast-global-color-4)","background-image":"","background-repeat":"repeat","background-position":"center center","background-size":"auto","background-attachment":"scroll","background-type":"","background-media":"","overlay-type":"","overlay-color":"","overlay-opacity":"","overlay-gradient":""},"tablet":{"background-color":"var(--ast-global-color-4)","background-image":"","background-repeat":"repeat","background-position":"center center","background-size":"auto","background-attachment":"scroll","background-type":"","background-media":"","overlay-type":"","overlay-color":"","overlay-opacity":"","overlay-gradient":""},"mobile":{"background-color":"var(--ast-global-color-4)","background-image":"","background-repeat":"repeat","background-position":"center center","background-size":"auto","background-attachment":"scroll","background-type":"","background-media":"","overlay-type":"","overlay-color":"","overlay-opacity":"","overlay-gradient":""}},"footnotes":""},"class_list":["post-969","page","type-page","status-publish","hentry"],"_hostinger_reach_plugin_has_subscription_block":false,"_hostinger_reach_plugin_is_elementor":false,"_links":{"self":[{"href":"https:\/\/www.fortesrecruitment.com\/fr\/wp-json\/wp\/v2\/pages\/969","targetHints":{"allow":["GET"]}}],"collection":[{"href":"https:\/\/www.fortesrecruitment.com\/fr\/wp-json\/wp\/v2\/pages"}],"about":[{"href":"https:\/\/www.fortesrecruitment.com\/fr\/wp-json\/wp\/v2\/types\/page"}],"author":[{"embeddable":true,"href":"https:\/\/www.fortesrecruitment.com\/fr\/wp-json\/wp\/v2\/users\/1"}],"replies":[{"embeddable":true,"href":"https:\/\/www.fortesrecruitment.com\/fr\/wp-json\/wp\/v2\/comments?post=969"}],"version-history":[{"count":10,"href":"https:\/\/www.fortesrecruitment.com\/fr\/wp-json\/wp\/v2\/pages\/969\/revisions"}],"predecessor-version":[{"id":1603,"href":"https:\/\/www.fortesrecruitment.com\/fr\/wp-json\/wp\/v2\/pages\/969\/revisions\/1603"}],"wp:attachment":[{"href":"https:\/\/www.fortesrecruitment.com\/fr\/wp-json\/wp\/v2\/media?parent=969"}],"curies":[{"name":"wp","href":"https:\/\/api.w.org\/{rel}","templated":true}]}}