{"id":954,"date":"2026-01-16T06:25:40","date_gmt":"2026-01-16T06:25:40","guid":{"rendered":"https:\/\/fortesrecruitment.com\/contratar\/"},"modified":"2026-01-20T06:14:18","modified_gmt":"2026-01-20T06:14:18","slug":"recrutar","status":"publish","type":"page","link":"https:\/\/www.fortesrecruitment.com\/pt\/recrutar\/","title":{"rendered":"Recrutar"},"content":{"rendered":"\t\t<div data-elementor-type=\"wp-page\" data-elementor-id=\"954\" class=\"elementor elementor-954 elementor-508\">\n\t\t\t\t\t\t<section class=\"elementor-section elementor-top-section elementor-element elementor-element-2d226ff elementor-section-full_width elementor-section-height-default elementor-section-height-default\" data-id=\"2d226ff\" data-element_type=\"section\" data-e-type=\"section\">\n\t\t\t\t\t\t<div class=\"elementor-container elementor-column-gap-default\">\n\t\t\t\t\t<div class=\"elementor-column elementor-col-100 elementor-top-column elementor-element elementor-element-1fc9cc0\" data-id=\"1fc9cc0\" data-element_type=\"column\" data-e-type=\"column\">\n\t\t\t<div class=\"elementor-widget-wrap elementor-element-populated\">\n\t\t\t\t\t\t<section class=\"elementor-section elementor-inner-section elementor-element elementor-element-66595aa elementor-section-boxed elementor-section-height-default elementor-section-height-default\" data-id=\"66595aa\" data-element_type=\"section\" data-e-type=\"section\">\n\t\t\t\t\t\t<div class=\"elementor-container elementor-column-gap-default\">\n\t\t\t\t\t<div class=\"elementor-column elementor-col-100 elementor-inner-column elementor-element elementor-element-4045807\" data-id=\"4045807\" data-element_type=\"column\" data-e-type=\"column\" data-settings=\"{&quot;background_background&quot;:&quot;classic&quot;}\">\n\t\t\t<div class=\"elementor-widget-wrap elementor-element-populated\">\n\t\t\t\t\t\t<div class=\"elementor-element elementor-element-46c002c elementor-widget elementor-widget-heading\" data-id=\"46c002c\" data-element_type=\"widget\" data-e-type=\"widget\" data-widget_type=\"heading.default\">\n\t\t\t\t\t<h1 class=\"elementor-heading-title elementor-size-default\">Pronto para contratar com confian\u00e7a?<\/h1>\t\t\t\t<\/div>\n\t\t\t\t<div class=\"elementor-element elementor-element-705858e elementor-widget elementor-widget-text-editor\" data-id=\"705858e\" data-element_type=\"widget\" data-e-type=\"widget\" data-widget_type=\"text-editor.default\">\n\t\t\t\t\t\t\t\t\tFale-nos das suas necessidades de recrutamento. Todas as consultas s\u00e3o confidenciais. \t\t\t\t\t\t\t\t<\/div>\n\t\t\t\t<div class=\"elementor-element elementor-element-8425876 elementor-widget elementor-widget-shortcode\" data-id=\"8425876\" data-element_type=\"widget\" data-e-type=\"widget\" id=\"be-form\" data-widget_type=\"shortcode.default\">\n\t\t\t\t\t\t\t<div class=\"elementor-shortcode\"><div class=\"forminator-ui forminator-custom-form forminator-custom-form-1203 forminator-design--default  forminator_ajax\" data-forminator-render=\"0\" data-form=\"forminator-module-1203\" data-uid=\"69dfec41c2e1b\"><br\/><\/div><form\n\t\t\t\tid=\"forminator-module-1203\"\n\t\t\t\tclass=\"forminator-ui forminator-custom-form forminator-custom-form-1203 forminator-design--default  forminator_ajax\"\n\t\t\t\tmethod=\"post\"\n\t\t\t\tdata-forminator-render=\"0\"\n\t\t\t\tdata-form-id=\"1203\"\n\t\t\t\t data-color-option=\"theme\" data-design=\"default\" data-grid=\"open\" style=\"display: none;\"\n\t\t\t\tdata-uid=\"69dfec41c2e1b\"\n\t\t\t><div role=\"alert\" aria-live=\"polite\" class=\"forminator-response-message forminator-error\" aria-hidden=\"true\"><\/div><div class=\"forminator-row\"><div id=\"text-1\" class=\"forminator-field-text forminator-col forminator-col-12  none-des\"><div class=\"forminator-field\"><label for=\"forminator-field-text-1_69dfec41c2e1b\" id=\"forminator-field-text-1_69dfec41c2e1b-label\" class=\"forminator-label\">Nome <span class=\"forminator-required\">*<\/span><\/label><span id=\"forminator-field-text-1_69dfec41c2e1b-description\" class=\"forminator-description\"><span data-limit=\"2\" data-type=\"words\">0 \/ 2<\/span><\/span><input type=\"text\" name=\"text-1\" value=\"\" placeholder=\"Introduza o seu nome completo\" id=\"forminator-field-text-1_69dfec41c2e1b\" class=\"forminator-input forminator-name--field\" data-required=\"1\" \/><\/div><\/div><\/div><div class=\"forminator-row\"><div id=\"email-1\" class=\"forminator-field-email forminator-col forminator-col-12 \"><div class=\"forminator-field\"><label for=\"forminator-field-email-1_69dfec41c2e1b\" id=\"forminator-field-email-1_69dfec41c2e1b-label\" class=\"forminator-label\">E-mail <span class=\"forminator-required\">*<\/span><\/label><input type=\"email\" name=\"email-1\" value=\"\" placeholder=\"Introduza o seu endere\u00e7o de e-mail\" id=\"forminator-field-email-1_69dfec41c2e1b\" class=\"forminator-input forminator-email--field\" data-required=\"1\" aria-required=\"true\" autocomplete=\"email\" \/><\/div><\/div><\/div><div class=\"forminator-row\"><div id=\"text-2\" class=\"forminator-field-text forminator-col forminator-col-12  none-des\"><div class=\"forminator-field\"><label for=\"forminator-field-text-2_69dfec41c2e1b\" id=\"forminator-field-text-2_69dfec41c2e1b-label\" class=\"forminator-label\">Empresa \/ Organiza\u00e7\u00e3o <span class=\"forminator-required\">*<\/span><\/label><span id=\"forminator-field-text-2_69dfec41c2e1b-description\" class=\"forminator-description\"><span data-limit=\"2\" data-type=\"words\">0 \/ 2<\/span><\/span><input type=\"text\" name=\"text-2\" value=\"\" placeholder=\"Introduza o nome da sua empresa ou organiza\u00e7\u00e3o\" id=\"forminator-field-text-2_69dfec41c2e1b\" class=\"forminator-input forminator-name--field\" data-required=\"1\" \/><\/div><\/div><\/div><div class=\"forminator-row\"><div id=\"text-3\" class=\"forminator-field-text forminator-col forminator-col-12 \"><div class=\"forminator-field\"><label for=\"forminator-field-text-3_69dfec41c2e1b\" id=\"forminator-field-text-3_69dfec41c2e1b-label\" class=\"forminator-label\">Telefone\/WhatsApp<\/label><input type=\"text\" name=\"text-3\" value=\"\" placeholder=\"Introduza o seu n\u00famero de telefone\/WhatsApp (inclua o indicativo do pa\u00eds)\" id=\"forminator-field-text-3_69dfec41c2e1b\" class=\"forminator-input forminator-name--field\" data-required=\"\" \/><\/div><\/div><\/div><div class=\"forminator-row\"><div id=\"textarea-1\" class=\"forminator-field-textarea forminator-col forminator-col-12  none-des\"><div class=\"forminator-field\"><label for=\"forminator-field-textarea-1_69dfec41c2e1b\" id=\"forminator-field-textarea-1_69dfec41c2e1b-label\" class=\"forminator-label\">Mensagem <span class=\"forminator-required\">*<\/span><\/label><span id=\"forminator-field-textarea-1_69dfec41c2e1b-description\" class=\"forminator-description\"><span data-limit=\"10\" data-type=\"words\" data-editor=\"\">0 \/ 10<\/span><\/span><textarea name=\"textarea-1\" placeholder=\"Fale-nos das suas necessidades de recrutamento\" id=\"forminator-field-textarea-1_69dfec41c2e1b\" class=\"forminator-textarea\" rows=\"6\" style=\"min-height:70px;\" ><\/textarea><\/div><\/div><\/div><div class=\"forminator-row\"><div id=\"checkbox-1\" class=\"forminator-field-checkbox forminator-col forminator-col-12 \"><div role=\"group\" class=\"forminator-field required\" aria-labelledby=\"forminator-checkbox-group-forminator-field-checkbox-1-69dfec41c2e1b-label\"><label id=\"forminator-field-checkbox-1-1-69dfec41c2e1b-label\" for=\"forminator-field-checkbox-1-1-69dfec41c2e1b\" class=\"forminator-checkbox\" title=\"Confirmo que li e aceito a &lt;a href=&quot;https:\/\/fortesrecruitment.com\/pt\/politica-de-privacidade\/&quot; target=&quot;_blank&quot;&gt;Pol\u00edtica de privacidade&lt;\/a&gt; e que toda a informa\u00e7\u00e3o submetida \u00e9 correta, tanto quanto sei.\"><input type=\"checkbox\" name=\"checkbox-1[]\" value=\"one\" id=\"forminator-field-checkbox-1-1-69dfec41c2e1b\" aria-labelledby=\"forminator-field-checkbox-1-1-69dfec41c2e1b-label\" data-calculation=\"0\"   data-hidden-behavior=\"zero\"\/><span class=\"forminator-checkbox-box\" aria-hidden=\"true\"><\/span><span class=\"forminator-checkbox-label\">Confirmo que li e aceito a <a href=\"https:\/\/fortesrecruitment.com\/pt\/politica-de-privacidade\/\" target=\"_blank\">Pol\u00edtica de privacidade<\/a> e que toda a informa\u00e7\u00e3o submetida \u00e9 correta, tanto quanto sei.<\/span><\/label><\/div><\/div><\/div><div class=\"forminator-row\"><div id=\"captcha-1\" class=\"forminator-field-captcha forminator-col forminator-col-12 \"><div class=\"forminator-captcha-left forminator-g-recaptcha\" data-theme=\"light\"  data-sitekey=\"6LfjbVAsAAAAAKfT0c7uKuRMgqn9QIJNReSoFw2t\" data-size=\"normal\"><\/div> <\/div><\/div><input type=\"hidden\" name=\"referer_url\" value=\"\" \/><div class=\"forminator-row forminator-row-last\"><div class=\"forminator-col\"><div class=\"forminator-field\"><button class=\"forminator-button forminator-button-submit\">Submit &rarr;<\/button><\/div><\/div><\/div><input type=\"hidden\" id=\"forminator_nonce\" name=\"forminator_nonce\" value=\"ef46dc0d85\" \/><input type=\"hidden\" name=\"_wp_http_referer\" value=\"\/pt\/wp-json\/wp\/v2\/pages\/954\" \/><input type=\"hidden\" name=\"form_id\" value=\"1203\"><input type=\"hidden\" name=\"page_id\" value=\"954\"><input type=\"hidden\" name=\"form_type\" value=\"default\"><input type=\"hidden\" name=\"current_url\" value=\"https:\/\/www.fortesrecruitment.com\/pt\/recrutar\/\"><input type=\"hidden\" name=\"render_id\" value=\"0\"><input type=\"hidden\" name=\"action\" value=\"forminator_submit_form_custom-forms\"><label for=\"input_7\" class=\"forminator-hidden\" aria-hidden=\"true\">Please do not fill in this field. <input id=\"input_7\" type=\"text\" name=\"input_7\" value=\"\" autocomplete=\"off\"><\/label><\/form><\/div>\n\t\t\t\t\t\t<\/div>\n\t\t\t\t\t<\/div>\n\t\t<\/div>\n\t\t\t\t\t<\/div>\n\t\t<\/section>\n\t\t\t\t\t<\/div>\n\t\t<\/div>\n\t\t\t\t\t<\/div>\n\t\t<\/section>\n\t\t\t\t<\/div>\n\t\t","protected":false},"excerpt":{"rendered":"<p>Pronto para contratar com confian\u00e7a? Fale-nos das suas necessidades de recrutamento. Todas as consultas s\u00e3o confidenciais.<\/p>\n","protected":false},"author":1,"featured_media":0,"parent":0,"menu_order":0,"comment_status":"closed","ping_status":"closed","template":"elementor_header_footer","meta":{"site-sidebar-layout":"no-sidebar","site-content-layout":"","ast-site-content-layout":"full-width-container","site-content-style":"default","site-sidebar-style":"default","ast-global-header-display":"","ast-banner-title-visibility":"","ast-main-header-display":"","ast-hfb-above-header-display":"","ast-hfb-below-header-display":"","ast-hfb-mobile-header-display":"","site-post-title":"","ast-breadcrumbs-content":"","ast-featured-img":"disabled","footer-sml-layout":"","ast-disable-related-posts":"","theme-transparent-header-meta":"","adv-header-id-meta":"","stick-header-meta":"","header-above-stick-meta":"","header-main-stick-meta":"","header-below-stick-meta":"","astra-migrate-meta-layouts":"default","ast-page-background-enabled":"default","ast-page-background-meta":{"desktop":{"background-color":"var(--ast-global-color-5)","background-image":"","background-repeat":"repeat","background-position":"center center","background-size":"auto","background-attachment":"scroll","background-type":"","background-media":"","overlay-type":"","overlay-color":"","overlay-opacity":"","overlay-gradient":""},"tablet":{"background-color":"","background-image":"","background-repeat":"repeat","background-position":"center center","background-size":"auto","background-attachment":"scroll","background-type":"","background-media":"","overlay-type":"","overlay-color":"","overlay-opacity":"","overlay-gradient":""},"mobile":{"background-color":"","background-image":"","background-repeat":"repeat","background-position":"center center","background-size":"auto","background-attachment":"scroll","background-type":"","background-media":"","overlay-type":"","overlay-color":"","overlay-opacity":"","overlay-gradient":""}},"ast-content-background-meta":{"desktop":{"background-color":"var(--ast-global-color-4)","background-image":"","background-repeat":"repeat","background-position":"center center","background-size":"auto","background-attachment":"scroll","background-type":"","background-media":"","overlay-type":"","overlay-color":"","overlay-opacity":"","overlay-gradient":""},"tablet":{"background-color":"var(--ast-global-color-4)","background-image":"","background-repeat":"repeat","background-position":"center center","background-size":"auto","background-attachment":"scroll","background-type":"","background-media":"","overlay-type":"","overlay-color":"","overlay-opacity":"","overlay-gradient":""},"mobile":{"background-color":"var(--ast-global-color-4)","background-image":"","background-repeat":"repeat","background-position":"center center","background-size":"auto","background-attachment":"scroll","background-type":"","background-media":"","overlay-type":"","overlay-color":"","overlay-opacity":"","overlay-gradient":""}},"footnotes":""},"class_list":["post-954","page","type-page","status-publish","hentry"],"_hostinger_reach_plugin_has_subscription_block":false,"_hostinger_reach_plugin_is_elementor":false,"_links":{"self":[{"href":"https:\/\/www.fortesrecruitment.com\/pt\/wp-json\/wp\/v2\/pages\/954","targetHints":{"allow":["GET"]}}],"collection":[{"href":"https:\/\/www.fortesrecruitment.com\/pt\/wp-json\/wp\/v2\/pages"}],"about":[{"href":"https:\/\/www.fortesrecruitment.com\/pt\/wp-json\/wp\/v2\/types\/page"}],"author":[{"embeddable":true,"href":"https:\/\/www.fortesrecruitment.com\/pt\/wp-json\/wp\/v2\/users\/1"}],"replies":[{"embeddable":true,"href":"https:\/\/www.fortesrecruitment.com\/pt\/wp-json\/wp\/v2\/comments?post=954"}],"version-history":[{"count":8,"href":"https:\/\/www.fortesrecruitment.com\/pt\/wp-json\/wp\/v2\/pages\/954\/revisions"}],"predecessor-version":[{"id":1209,"href":"https:\/\/www.fortesrecruitment.com\/pt\/wp-json\/wp\/v2\/pages\/954\/revisions\/1209"}],"wp:attachment":[{"href":"https:\/\/www.fortesrecruitment.com\/pt\/wp-json\/wp\/v2\/media?parent=954"}],"curies":[{"name":"wp","href":"https:\/\/api.w.org\/{rel}","templated":true}]}}