{"id":979,"date":"2026-01-16T05:02:17","date_gmt":"2026-01-16T05:02:17","guid":{"rendered":"https:\/\/fortesrecruitment.com\/candidatar-me\/"},"modified":"2026-01-21T12:09:17","modified_gmt":"2026-01-21T12:09:17","slug":"candidatar","status":"publish","type":"page","link":"https:\/\/www.fortesrecruitment.com\/pt\/candidatar\/","title":{"rendered":"Candidatar"},"content":{"rendered":"<h1>\u00c0 procura da sua pr\u00f3xima fun\u00e7\u00e3o?<\/h1>\n<p>\t\tFale-nos sobre si e o que procura. Todas as candidaturas s\u00e3o confidenciais.<div class=\"forminator-ui forminator-custom-form forminator-custom-form-1199 forminator-design--default  forminator_ajax\" data-forminator-render=\"0\" data-form=\"forminator-module-1199\" data-uid=\"69e014301640e\"><br\/><\/div><form\n\t\t\t\tid=\"forminator-module-1199\"\n\t\t\t\tclass=\"forminator-ui forminator-custom-form forminator-custom-form-1199 forminator-design--default  forminator_ajax\"\n\t\t\t\tmethod=\"post\"\n\t\t\t\tdata-forminator-render=\"0\"\n\t\t\t\tdata-form-id=\"1199\"\n\t\t\t\tenctype=\"multipart\/form-data\" data-color-option=\"theme\" data-design=\"default\" data-grid=\"open\" style=\"display: none;\"\n\t\t\t\tdata-uid=\"69e014301640e\"\n\t\t\t><div role=\"alert\" aria-live=\"polite\" class=\"forminator-response-message forminator-error\" aria-hidden=\"true\"><\/div><div class=\"forminator-row\"><div id=\"text-1\" class=\"forminator-field-text forminator-col forminator-col-12  none-des\"><div class=\"forminator-field\"><label for=\"forminator-field-text-1_69e014301640e\" id=\"forminator-field-text-1_69e014301640e-label\" class=\"forminator-label\">Nome <span class=\"forminator-required\">*<\/span><\/label><span id=\"forminator-field-text-1_69e014301640e-description\" class=\"forminator-description\"><span data-limit=\"2\" data-type=\"words\">0 \/ 2<\/span><\/span><input type=\"text\" name=\"text-1\" value=\"\" placeholder=\"Introduza o seu nome completo\" id=\"forminator-field-text-1_69e014301640e\" class=\"forminator-input forminator-name--field\" data-required=\"1\" \/><\/div><\/div><\/div><div class=\"forminator-row\"><div id=\"email-1\" class=\"forminator-field-email forminator-col forminator-col-12 \"><div class=\"forminator-field\"><label for=\"forminator-field-email-1_69e014301640e\" id=\"forminator-field-email-1_69e014301640e-label\" class=\"forminator-label\">E-mail <span class=\"forminator-required\">*<\/span><\/label><input type=\"email\" name=\"email-1\" value=\"\" placeholder=\"Introduza o seu endere\u00e7o de e-mail\" id=\"forminator-field-email-1_69e014301640e\" class=\"forminator-input forminator-email--field\" data-required=\"1\" aria-required=\"true\" autocomplete=\"email\" \/><\/div><\/div><\/div><div class=\"forminator-row\"><div id=\"text-2\" class=\"forminator-field-text forminator-col forminator-col-12 \"><div class=\"forminator-field\"><label for=\"forminator-field-text-2_69e014301640e\" id=\"forminator-field-text-2_69e014301640e-label\" class=\"forminator-label\">Telefone\/WhatsApp<\/label><input type=\"text\" name=\"text-2\" value=\"\" placeholder=\"Introduza o seu n\u00famero de telefone\/WhatsApp (inclua o indicativo do pa\u00eds)\" id=\"forminator-field-text-2_69e014301640e\" class=\"forminator-input forminator-name--field\" data-required=\"\" \/><\/div><\/div><\/div><div class=\"forminator-row\"><div id=\"textarea-1\" class=\"forminator-field-textarea forminator-col forminator-col-12 \"><div class=\"forminator-field\"><label for=\"forminator-field-textarea-1_69e014301640e\" id=\"forminator-field-textarea-1_69e014301640e-label\" class=\"forminator-label\">Mensagem<\/label><textarea name=\"textarea-1\" placeholder=\"Fale-nos sobre si e o que procura\" id=\"forminator-field-textarea-1_69e014301640e\" class=\"forminator-textarea\" rows=\"6\" style=\"min-height:70px;\" ><\/textarea><\/div><\/div><\/div><div class=\"forminator-row\"><div id=\"upload-1\" class=\"forminator-field-upload forminator-col forminator-col-12 \"><div class=\"forminator-field\"><label for=\"forminator-field-upload-1_69e014301640e\" id=\"forminator-field-upload-1_69e014301640e-label\" class=\"forminator-label\">CV \/ Curr\u00edculo<\/label><span id=\"forminator-field-upload-1_69e014301640e-description\" class=\"forminator-description\">Carregue o seu CV (PDF, DOC ou DOCX, m\u00e1x. 5 MB) \u2022 Accepted formats: .pdf, .doc, .docx<\/span><div class=\"forminator-multi-upload \" data-element=\"upload-1_69e014301640e\" aria-describedby=\"forminator-field-upload-1_69e014301640e-description\"><input type=\"file\" name=\"upload-1[]\" id=\"forminator-field-upload-1_69e014301640e\" class=\"forminator-input-file forminator-field-upload-1_69e014301640e-1199\" multiple=\"multiple\" data-method=\"ajax\" accept=\".avif,.heif,.heics,.heifs,.pdf,.doc,.docx\" data-limit=\"1\" data-limit-message=\"You can upload a maximum of 1 files.\" data-size=\"5000000\" data-size-message=\"Maximum file size allowed is 5 MB. \" data-filetype=\"avif|heif|heics|heifs|pdf|doc|docx\" data-filetype-message=\"file extension is not allowed.\"><div class=\"forminator-multi-upload-message\" aria-hidden=\"true\"><span class=\"forminator-icon-upload\" aria-hidden=\"true\"><\/span><p>Drag and Drop (or) Choose Files<\/p><\/div><\/div><ul class=\"forminator-uploaded-files upload-container-upload-1_69e014301640e\"><\/ul><\/div><\/div><\/div><div class=\"forminator-row\"><div id=\"checkbox-1\" class=\"forminator-field-checkbox forminator-col forminator-col-12 \"><div role=\"group\" class=\"forminator-field required\" aria-labelledby=\"forminator-checkbox-group-forminator-field-checkbox-1-69e014301640e-label\"><label id=\"forminator-field-checkbox-1-1-69e014301640e-label\" for=\"forminator-field-checkbox-1-1-69e014301640e\" class=\"forminator-checkbox\" title=\"Confirmo que li e aceito a &lt;a href=&quot;https:\/\/fortesrecruitment.com\/pt\/politica-de-privacidade\/&quot; target=&quot;_blank&quot;&gt;Pol\u00edtica de privacidade&lt;\/a&gt; e que toda a informa\u00e7\u00e3o submetida \u00e9 correta, tanto quanto sei.\"><input type=\"checkbox\" name=\"checkbox-1[]\" value=\"one\" id=\"forminator-field-checkbox-1-1-69e014301640e\" aria-labelledby=\"forminator-field-checkbox-1-1-69e014301640e-label\" data-calculation=\"0\"   data-hidden-behavior=\"zero\"\/><span class=\"forminator-checkbox-box\" aria-hidden=\"true\"><\/span><span class=\"forminator-checkbox-label\">Confirmo que li e aceito a <a href=\"https:\/\/fortesrecruitment.com\/pt\/politica-de-privacidade\/\" target=\"_blank\">Pol\u00edtica de privacidade<\/a> e que toda a informa\u00e7\u00e3o submetida \u00e9 correta, tanto quanto sei.<\/span><\/label><\/div><\/div><\/div><div class=\"forminator-row\"><div id=\"captcha-1\" class=\"forminator-field-captcha forminator-col forminator-col-12 \"><div class=\"forminator-captcha-left forminator-g-recaptcha\" data-theme=\"light\"  data-sitekey=\"6LfjbVAsAAAAAKfT0c7uKuRMgqn9QIJNReSoFw2t\" data-size=\"normal\"><\/div> <\/div><\/div><input type=\"hidden\" name=\"referer_url\" value=\"\" \/><div class=\"forminator-row forminator-row-last\"><div class=\"forminator-col\"><div class=\"forminator-field\"><button class=\"forminator-button forminator-button-submit\">Enviar &rarr;<\/button><\/div><\/div><\/div><input type=\"hidden\" id=\"forminator_nonce\" name=\"forminator_nonce\" value=\"1055383a1a\" \/><input type=\"hidden\" name=\"_wp_http_referer\" value=\"\/pt\/wp-json\/wp\/v2\/pages\/979\" \/><input type=\"hidden\" name=\"form_id\" value=\"1199\"><input type=\"hidden\" name=\"page_id\" value=\"979\"><input type=\"hidden\" name=\"form_type\" value=\"default\"><input type=\"hidden\" name=\"current_url\" value=\"https:\/\/www.fortesrecruitment.com\/pt\/candidatar\/\"><input type=\"hidden\" name=\"render_id\" value=\"0\"><input type=\"hidden\" name=\"forminator-multifile-hidden\" class=\"forminator-multifile-hidden\"><input type=\"hidden\" name=\"action\" value=\"forminator_submit_form_custom-forms\"><label for=\"input_7\" class=\"forminator-hidden\" aria-hidden=\"true\">Please do not fill in this field. <input id=\"input_7\" type=\"text\" name=\"input_7\" value=\"\" autocomplete=\"off\"><\/label><\/form><\/p>\n","protected":false},"excerpt":{"rendered":"<p>\u00c0 procura da sua pr\u00f3xima fun\u00e7\u00e3o? Fale-nos sobre si e o que procura. Todas as candidaturas s\u00e3o confidenciais.<\/p>\n","protected":false},"author":1,"featured_media":0,"parent":0,"menu_order":0,"comment_status":"closed","ping_status":"closed","template":"elementor_header_footer","meta":{"site-sidebar-layout":"no-sidebar","site-content-layout":"","ast-site-content-layout":"full-width-container","site-content-style":"default","site-sidebar-style":"default","ast-global-header-display":"","ast-banner-title-visibility":"","ast-main-header-display":"","ast-hfb-above-header-display":"","ast-hfb-below-header-display":"","ast-hfb-mobile-header-display":"","site-post-title":"","ast-breadcrumbs-content":"","ast-featured-img":"disabled","footer-sml-layout":"","ast-disable-related-posts":"","theme-transparent-header-meta":"","adv-header-id-meta":"","stick-header-meta":"","header-above-stick-meta":"","header-main-stick-meta":"","header-below-stick-meta":"","astra-migrate-meta-layouts":"default","ast-page-background-enabled":"default","ast-page-background-meta":{"desktop":{"background-color":"var(--ast-global-color-5)","background-image":"","background-repeat":"repeat","background-position":"center center","background-size":"auto","background-attachment":"scroll","background-type":"","background-media":"","overlay-type":"","overlay-color":"","overlay-opacity":"","overlay-gradient":""},"tablet":{"background-color":"","background-image":"","background-repeat":"repeat","background-position":"center center","background-size":"auto","background-attachment":"scroll","background-type":"","background-media":"","overlay-type":"","overlay-color":"","overlay-opacity":"","overlay-gradient":""},"mobile":{"background-color":"","background-image":"","background-repeat":"repeat","background-position":"center center","background-size":"auto","background-attachment":"scroll","background-type":"","background-media":"","overlay-type":"","overlay-color":"","overlay-opacity":"","overlay-gradient":""}},"ast-content-background-meta":{"desktop":{"background-color":"var(--ast-global-color-4)","background-image":"","background-repeat":"repeat","background-position":"center center","background-size":"auto","background-attachment":"scroll","background-type":"","background-media":"","overlay-type":"","overlay-color":"","overlay-opacity":"","overlay-gradient":""},"tablet":{"background-color":"var(--ast-global-color-4)","background-image":"","background-repeat":"repeat","background-position":"center center","background-size":"auto","background-attachment":"scroll","background-type":"","background-media":"","overlay-type":"","overlay-color":"","overlay-opacity":"","overlay-gradient":""},"mobile":{"background-color":"var(--ast-global-color-4)","background-image":"","background-repeat":"repeat","background-position":"center center","background-size":"auto","background-attachment":"scroll","background-type":"","background-media":"","overlay-type":"","overlay-color":"","overlay-opacity":"","overlay-gradient":""}},"footnotes":""},"class_list":["post-979","page","type-page","status-publish","hentry"],"_hostinger_reach_plugin_has_subscription_block":false,"_hostinger_reach_plugin_is_elementor":false,"_links":{"self":[{"href":"https:\/\/www.fortesrecruitment.com\/pt\/wp-json\/wp\/v2\/pages\/979","targetHints":{"allow":["GET"]}}],"collection":[{"href":"https:\/\/www.fortesrecruitment.com\/pt\/wp-json\/wp\/v2\/pages"}],"about":[{"href":"https:\/\/www.fortesrecruitment.com\/pt\/wp-json\/wp\/v2\/types\/page"}],"author":[{"embeddable":true,"href":"https:\/\/www.fortesrecruitment.com\/pt\/wp-json\/wp\/v2\/users\/1"}],"replies":[{"embeddable":true,"href":"https:\/\/www.fortesrecruitment.com\/pt\/wp-json\/wp\/v2\/comments?post=979"}],"version-history":[{"count":8,"href":"https:\/\/www.fortesrecruitment.com\/pt\/wp-json\/wp\/v2\/pages\/979\/revisions"}],"predecessor-version":[{"id":1609,"href":"https:\/\/www.fortesrecruitment.com\/pt\/wp-json\/wp\/v2\/pages\/979\/revisions\/1609"}],"wp:attachment":[{"href":"https:\/\/www.fortesrecruitment.com\/pt\/wp-json\/wp\/v2\/media?parent=979"}],"curies":[{"name":"wp","href":"https:\/\/api.w.org\/{rel}","templated":true}]}}